{"id":1534,"date":"2024-04-16T16:46:15","date_gmt":"2024-04-16T19:46:15","guid":{"rendered":"http:\/\/tdi_231_550"},"modified":"2025-07-23T22:39:11","modified_gmt":"2025-07-24T01:39:11","slug":"homepage","status":"publish","type":"page","link":"https:\/\/blog.credspot.net\/blog\/","title":{"rendered":"In\u00edcio"},"content":{"rendered":"<p><\/p>\n","protected":false},"excerpt":{"rendered":"","protected":false},"author":1,"featured_media":0,"parent":0,"menu_order":0,"comment_status":"open","ping_status":"closed","template":"","meta":{"_yoast_wpseo_focuskw":"","_yoast_wpseo_title":"","_yoast_wpseo_metadesc":"O blog de empr\u00e9stimos perfeito para voc\u00ea. Encontre tudo o que precisa saber: taxas, modalidades e dicas para evitar problemas.","footnotes":""},"class_list":["post-1534","page","type-page","status-publish","hentry"],"yoast_head":"<!-- This site is optimized with the Yoast SEO Premium plugin v26.2 (Yoast SEO v26.2) - https:\/\/yoast.com\/wordpress\/plugins\/seo\/ -->\n<title>In\u00edcio - Blog CredSpot<\/title>\n<meta name=\"description\" content=\"O blog de empr\u00e9stimos perfeito para voc\u00ea. Encontre tudo o que precisa saber: taxas, modalidades e dicas para evitar problemas.\" \/>\n<meta name=\"robots\" content=\"index, follow, max-snippet:-1, max-image-preview:large, max-video-preview:-1\" \/>\n<link rel=\"canonical\" href=\"https:\/\/credspot.net\/blog\/\" \/>\n<meta property=\"og:locale\" content=\"pt_BR\" \/>\n<meta property=\"og:type\" content=\"article\" \/>\n<meta property=\"og:title\" content=\"In\u00edcio\" \/>\n<meta property=\"og:description\" content=\"O blog de empr\u00e9stimos perfeito para voc\u00ea. Encontre tudo o que precisa saber: taxas, modalidades e dicas para evitar problemas.\" \/>\n<meta property=\"og:url\" content=\"https:\/\/credspot.net\/blog\/\" \/>\n<meta property=\"og:site_name\" content=\"Blog CredSpot\" \/>\n<meta property=\"article:publisher\" content=\"https:\/\/www.facebook.com\/credspot\/\" \/>\n<meta property=\"article:modified_time\" content=\"2025-07-24T01:39:11+00:00\" \/>\n<meta name=\"twitter:card\" content=\"summary_large_image\" \/>\n<meta name=\"twitter:label1\" content=\"Est. tempo de leitura\" \/>\n\t<meta name=\"twitter:data1\" content=\"6 minutos\" \/>\n<script type=\"application\/ld+json\" class=\"yoast-schema-graph\">{\"@context\":\"https:\/\/schema.org\",\"@graph\":[{\"@type\":\"WebPage\",\"@id\":\"https:\/\/credspot.net\/blog\/\",\"url\":\"https:\/\/credspot.net\/blog\/\",\"name\":\"In\u00edcio - Blog CredSpot\",\"isPartOf\":{\"@id\":\"https:\/\/credspot.net\/blog\/#website\"},\"datePublished\":\"2024-04-16T19:46:15+00:00\",\"dateModified\":\"2025-07-24T01:39:11+00:00\",\"description\":\"O blog de empr\u00e9stimos perfeito para voc\u00ea. Encontre tudo o que precisa saber: taxas, modalidades e dicas para evitar problemas.\",\"breadcrumb\":{\"@id\":\"https:\/\/credspot.net\/blog\/#breadcrumb\"},\"inLanguage\":\"pt-BR\",\"potentialAction\":[{\"@type\":\"ReadAction\",\"target\":[\"https:\/\/credspot.net\/blog\/\"]}]},{\"@type\":\"BreadcrumbList\",\"@id\":\"https:\/\/credspot.net\/blog\/#breadcrumb\",\"itemListElement\":[{\"@type\":\"ListItem\",\"position\":1,\"name\":\"Home\",\"item\":\"https:\/\/credspot.net\/blog\/\"},{\"@type\":\"ListItem\",\"position\":2,\"name\":\"In\u00edcio\"}]},{\"@type\":\"WebSite\",\"@id\":\"https:\/\/credspot.net\/blog\/#website\",\"url\":\"https:\/\/credspot.net\/blog\/\",\"name\":\"Blog CredSpot\",\"description\":\"Explore a CredSpot para antecipa\u00e7\u00e3o do FGTS com facilidade. Simula\u00e7\u00e3o r\u00e1pida online e pagamento via PIX.\",\"publisher\":{\"@id\":\"https:\/\/credspot.net\/blog\/#organization\"},\"alternateName\":\"CredBlog\",\"potentialAction\":[{\"@type\":\"SearchAction\",\"target\":{\"@type\":\"EntryPoint\",\"urlTemplate\":\"https:\/\/credspot.net\/blog\/?s={search_term_string}\"},\"query-input\":{\"@type\":\"PropertyValueSpecification\",\"valueRequired\":true,\"valueName\":\"search_term_string\"}}],\"inLanguage\":\"pt-BR\"},{\"@type\":\"Organization\",\"@id\":\"https:\/\/credspot.net\/blog\/#organization\",\"name\":\"CredSpot\",\"url\":\"https:\/\/credspot.net\/blog\/\",\"logo\":{\"@type\":\"ImageObject\",\"inLanguage\":\"pt-BR\",\"@id\":\"https:\/\/credspot.net\/blog\/#\/schema\/logo\/image\/\",\"url\":\"https:\/\/blog.credspot.net\/blog\/wp-content\/uploads\/2023\/11\/cropped-CREDSPOT-ID-VISUAL-05-2.png\",\"contentUrl\":\"https:\/\/blog.credspot.net\/blog\/wp-content\/uploads\/2023\/11\/cropped-CREDSPOT-ID-VISUAL-05-2.png\",\"width\":4494,\"height\":899,\"caption\":\"CredSpot\"},\"image\":{\"@id\":\"https:\/\/credspot.net\/blog\/#\/schema\/logo\/image\/\"},\"sameAs\":[\"https:\/\/www.facebook.com\/credspot\/\"],\"description\":\"A CredSpot \u00e9 um buscador de empr\u00e9stimos totalmente digital. Conectamos o cliente diretamente aos nossos bancos parceiros e oferecemos as melhores op\u00e7\u00f5es de cr\u00e9dito de acordo com seu perfil. Surgimos com o prop\u00f3sito de democratizar o acesso ao cr\u00e9dito a custos acess\u00edveis e ser um facilitador na contrata\u00e7\u00e3o de linhas de cr\u00e9dito no Brasil. Atuamos tamb\u00e9m como uma solu\u00e7\u00e3o tecnol\u00f3gica para correspondentes banc\u00e1rios, fornecendo o site, a funcionalidade de autocontrata\u00e7\u00e3o, a API de integra\u00e7\u00e3o com os bancos e o m\u00f3dulo de CRM para a gest\u00e3o de clientes.\",\"email\":\"sac@credspot.net\",\"legalName\":\"Credspot Promotora de Servi\u00e7os Financeiros LTDA\",\"foundingDate\":\"2023-03-16\",\"vatID\":\"49.962.358\/0001-94\"}]}<\/script>\n<!-- \/ Yoast SEO Premium plugin. -->","yoast_head_json":{"title":"In\u00edcio - Blog CredSpot","description":"O blog de empr\u00e9stimos perfeito para voc\u00ea. Encontre tudo o que precisa saber: taxas, modalidades e dicas para evitar problemas.","robots":{"index":"index","follow":"follow","max-snippet":"max-snippet:-1","max-image-preview":"max-image-preview:large","max-video-preview":"max-video-preview:-1"},"canonical":"https:\/\/credspot.net\/blog\/","og_locale":"pt_BR","og_type":"article","og_title":"In\u00edcio","og_description":"O blog de empr\u00e9stimos perfeito para voc\u00ea. Encontre tudo o que precisa saber: taxas, modalidades e dicas para evitar problemas.","og_url":"https:\/\/credspot.net\/blog\/","og_site_name":"Blog CredSpot","article_publisher":"https:\/\/www.facebook.com\/credspot\/","article_modified_time":"2025-07-24T01:39:11+00:00","twitter_card":"summary_large_image","twitter_misc":{"Est. tempo de leitura":"6 minutos"},"schema":{"@context":"https:\/\/schema.org","@graph":[{"@type":"WebPage","@id":"https:\/\/credspot.net\/blog\/","url":"https:\/\/credspot.net\/blog\/","name":"In\u00edcio - Blog CredSpot","isPartOf":{"@id":"https:\/\/credspot.net\/blog\/#website"},"datePublished":"2024-04-16T19:46:15+00:00","dateModified":"2025-07-24T01:39:11+00:00","description":"O blog de empr\u00e9stimos perfeito para voc\u00ea. Encontre tudo o que precisa saber: taxas, modalidades e dicas para evitar problemas.","breadcrumb":{"@id":"https:\/\/credspot.net\/blog\/#breadcrumb"},"inLanguage":"pt-BR","potentialAction":[{"@type":"ReadAction","target":["https:\/\/credspot.net\/blog\/"]}]},{"@type":"BreadcrumbList","@id":"https:\/\/credspot.net\/blog\/#breadcrumb","itemListElement":[{"@type":"ListItem","position":1,"name":"Home","item":"https:\/\/credspot.net\/blog\/"},{"@type":"ListItem","position":2,"name":"In\u00edcio"}]},{"@type":"WebSite","@id":"https:\/\/credspot.net\/blog\/#website","url":"https:\/\/credspot.net\/blog\/","name":"Blog CredSpot","description":"Explore a CredSpot para antecipa\u00e7\u00e3o do FGTS com facilidade. Simula\u00e7\u00e3o r\u00e1pida online e pagamento via PIX.","publisher":{"@id":"https:\/\/credspot.net\/blog\/#organization"},"alternateName":"CredBlog","potentialAction":[{"@type":"SearchAction","target":{"@type":"EntryPoint","urlTemplate":"https:\/\/credspot.net\/blog\/?s={search_term_string}"},"query-input":{"@type":"PropertyValueSpecification","valueRequired":true,"valueName":"search_term_string"}}],"inLanguage":"pt-BR"},{"@type":"Organization","@id":"https:\/\/credspot.net\/blog\/#organization","name":"CredSpot","url":"https:\/\/credspot.net\/blog\/","logo":{"@type":"ImageObject","inLanguage":"pt-BR","@id":"https:\/\/credspot.net\/blog\/#\/schema\/logo\/image\/","url":"https:\/\/blog.credspot.net\/blog\/wp-content\/uploads\/2023\/11\/cropped-CREDSPOT-ID-VISUAL-05-2.png","contentUrl":"https:\/\/blog.credspot.net\/blog\/wp-content\/uploads\/2023\/11\/cropped-CREDSPOT-ID-VISUAL-05-2.png","width":4494,"height":899,"caption":"CredSpot"},"image":{"@id":"https:\/\/credspot.net\/blog\/#\/schema\/logo\/image\/"},"sameAs":["https:\/\/www.facebook.com\/credspot\/"],"description":"A CredSpot \u00e9 um buscador de empr\u00e9stimos totalmente digital. Conectamos o cliente diretamente aos nossos bancos parceiros e oferecemos as melhores op\u00e7\u00f5es de cr\u00e9dito de acordo com seu perfil. Surgimos com o prop\u00f3sito de democratizar o acesso ao cr\u00e9dito a custos acess\u00edveis e ser um facilitador na contrata\u00e7\u00e3o de linhas de cr\u00e9dito no Brasil. Atuamos tamb\u00e9m como uma solu\u00e7\u00e3o tecnol\u00f3gica para correspondentes banc\u00e1rios, fornecendo o site, a funcionalidade de autocontrata\u00e7\u00e3o, a API de integra\u00e7\u00e3o com os bancos e o m\u00f3dulo de CRM para a gest\u00e3o de clientes.","email":"sac@credspot.net","legalName":"Credspot Promotora de Servi\u00e7os Financeiros LTDA","foundingDate":"2023-03-16","vatID":"49.962.358\/0001-94"}]}},"_links":{"self":[{"href":"https:\/\/blog.credspot.net\/blog\/wp-json\/wp\/v2\/pages\/1534","targetHints":{"allow":["GET"]}}],"collection":[{"href":"https:\/\/blog.credspot.net\/blog\/wp-json\/wp\/v2\/pages"}],"about":[{"href":"https:\/\/blog.credspot.net\/blog\/wp-json\/wp\/v2\/types\/page"}],"author":[{"embeddable":true,"href":"https:\/\/blog.credspot.net\/blog\/wp-json\/wp\/v2\/users\/1"}],"replies":[{"embeddable":true,"href":"https:\/\/blog.credspot.net\/blog\/wp-json\/wp\/v2\/comments?post=1534"}],"version-history":[{"count":23,"href":"https:\/\/blog.credspot.net\/blog\/wp-json\/wp\/v2\/pages\/1534\/revisions"}],"predecessor-version":[{"id":8098,"href":"https:\/\/blog.credspot.net\/blog\/wp-json\/wp\/v2\/pages\/1534\/revisions\/8098"}],"wp:attachment":[{"href":"https:\/\/blog.credspot.net\/blog\/wp-json\/wp\/v2\/media?parent=1534"}],"curies":[{"name":"wp","href":"https:\/\/api.w.org\/{rel}","templated":true}]}}